{"id":2320,"date":"2022-09-07T09:34:31","date_gmt":"2022-09-07T07:34:31","guid":{"rendered":"http:\/\/www.tophoe.pl\/?page_id=2320"},"modified":"2022-09-10T14:35:11","modified_gmt":"2022-09-10T12:35:11","slug":"andre","status":"publish","type":"page","link":"http:\/\/www.tophoe.pl\/no\/andre\/","title":{"rendered":"andre"},"content":{"rendered":"","protected":false},"excerpt":{"rendered":"","protected":false},"author":1,"featured_media":0,"parent":0,"menu_order":0,"comment_status":"closed","ping_status":"closed","template":"","meta":{"footnotes":""},"class_list":["post-2320","page","type-page","status-publish","hentry"],"yoast_head":"<!-- This site is optimized with the Yoast SEO plugin v27.6 - https:\/\/yoast.com\/product\/yoast-seo-wordpress\/ -->\n<title>andre og implement holders - Tophoe<\/title>\n<meta name=\"description\" content=\"Adaptere og holdere for \u00e5 feste tilbeh\u00f8r til minigravere og riveroboter. Bestill en dedikert montering for tilbeh\u00f8ret ditt.\" \/>\n<meta name=\"robots\" content=\"index, follow, max-snippet:-1, max-image-preview:large, max-video-preview:-1\" \/>\n<link rel=\"canonical\" href=\"http:\/\/www.tophoe.pl\/no\/andre\/\" \/>\n<meta property=\"og:locale\" content=\"nb_NO\" \/>\n<meta property=\"og:type\" content=\"article\" \/>\n<meta property=\"og:title\" content=\"andre og implement holders - Tophoe\" \/>\n<meta property=\"og:description\" content=\"Adaptere og holdere for \u00e5 feste tilbeh\u00f8r til minigravere og riveroboter. Bestill en dedikert montering for tilbeh\u00f8ret ditt.\" \/>\n<meta property=\"og:url\" content=\"http:\/\/www.tophoe.pl\/no\/andre\/\" \/>\n<meta property=\"og:site_name\" content=\"Tophoe\" \/>\n<meta property=\"article:modified_time\" content=\"2022-09-10T12:35:11+00:00\" \/>\n<meta name=\"twitter:card\" content=\"summary_large_image\" \/>\n<script type=\"application\/ld+json\" class=\"yoast-schema-graph\">{\"@context\":\"https:\\\/\\\/schema.org\",\"@graph\":[{\"@type\":\"WebPage\",\"@id\":\"http:\\\/\\\/www.tophoe.pl\\\/no\\\/andre\\\/\",\"url\":\"http:\\\/\\\/www.tophoe.pl\\\/no\\\/andre\\\/\",\"name\":\"andre og implement holders - Tophoe\",\"isPartOf\":{\"@id\":\"https:\\\/\\\/www.tophoe.pl\\\/no\\\/#website\"},\"datePublished\":\"2022-09-07T07:34:31+00:00\",\"dateModified\":\"2022-09-10T12:35:11+00:00\",\"description\":\"Adaptere og holdere for \u00e5 feste tilbeh\u00f8r til minigravere og riveroboter. Bestill en dedikert montering for tilbeh\u00f8ret ditt.\",\"breadcrumb\":{\"@id\":\"http:\\\/\\\/www.tophoe.pl\\\/no\\\/andre\\\/#breadcrumb\"},\"inLanguage\":\"nb-NO\",\"potentialAction\":[{\"@type\":\"ReadAction\",\"target\":[\"http:\\\/\\\/www.tophoe.pl\\\/no\\\/andre\\\/\"]}]},{\"@type\":\"BreadcrumbList\",\"@id\":\"http:\\\/\\\/www.tophoe.pl\\\/no\\\/andre\\\/#breadcrumb\",\"itemListElement\":[{\"@type\":\"ListItem\",\"position\":1,\"name\":\"Strona g\u0142\u00f3wna\",\"item\":\"https:\\\/\\\/www.tophoe.pl\\\/no\\\/\"},{\"@type\":\"ListItem\",\"position\":2,\"name\":\"andre\"}]},{\"@type\":\"WebSite\",\"@id\":\"https:\\\/\\\/www.tophoe.pl\\\/no\\\/#website\",\"url\":\"https:\\\/\\\/www.tophoe.pl\\\/no\\\/\",\"name\":\"Tophoe\",\"description\":\"Projektowanie maszyn i osprz\u0119t\u00f3w\",\"publisher\":{\"@id\":\"https:\\\/\\\/www.tophoe.pl\\\/no\\\/#organization\"},\"potentialAction\":[{\"@type\":\"SearchAction\",\"target\":{\"@type\":\"EntryPoint\",\"urlTemplate\":\"https:\\\/\\\/www.tophoe.pl\\\/no\\\/?s={search_term_string}\"},\"query-input\":{\"@type\":\"PropertyValueSpecification\",\"valueRequired\":true,\"valueName\":\"search_term_string\"}}],\"inLanguage\":\"nb-NO\"},{\"@type\":\"Organization\",\"@id\":\"https:\\\/\\\/www.tophoe.pl\\\/no\\\/#organization\",\"name\":\"Tophoe Polska Sp. z o.o.\",\"url\":\"https:\\\/\\\/www.tophoe.pl\\\/no\\\/\",\"logo\":{\"@type\":\"ImageObject\",\"inLanguage\":\"nb-NO\",\"@id\":\"https:\\\/\\\/www.tophoe.pl\\\/no\\\/#\\\/schema\\\/logo\\\/image\\\/\",\"url\":\"http:\\\/\\\/www.tophoe.pl\\\/wp-content\\\/uploads\\\/2022\\\/05\\\/TP-170green.png\",\"contentUrl\":\"http:\\\/\\\/www.tophoe.pl\\\/wp-content\\\/uploads\\\/2022\\\/05\\\/TP-170green.png\",\"width\":783,\"height\":391,\"caption\":\"Tophoe Polska Sp. z o.o.\"},\"image\":{\"@id\":\"https:\\\/\\\/www.tophoe.pl\\\/no\\\/#\\\/schema\\\/logo\\\/image\\\/\"},\"sameAs\":[\"https:\\\/\\\/www.linkedin.com\\\/company\\\/70511125\\\/\"]}]}<\/script>\n<!-- \/ Yoast SEO plugin. -->","yoast_head_json":{"title":"andre og implement holders - Tophoe","description":"Adaptere og holdere for \u00e5 feste tilbeh\u00f8r til minigravere og riveroboter. Bestill en dedikert montering for tilbeh\u00f8ret ditt.","robots":{"index":"index","follow":"follow","max-snippet":"max-snippet:-1","max-image-preview":"max-image-preview:large","max-video-preview":"max-video-preview:-1"},"canonical":"http:\/\/www.tophoe.pl\/no\/andre\/","og_locale":"nb_NO","og_type":"article","og_title":"andre og implement holders - Tophoe","og_description":"Adaptere og holdere for \u00e5 feste tilbeh\u00f8r til minigravere og riveroboter. Bestill en dedikert montering for tilbeh\u00f8ret ditt.","og_url":"http:\/\/www.tophoe.pl\/no\/andre\/","og_site_name":"Tophoe","article_modified_time":"2022-09-10T12:35:11+00:00","twitter_card":"summary_large_image","schema":{"@context":"https:\/\/schema.org","@graph":[{"@type":"WebPage","@id":"http:\/\/www.tophoe.pl\/no\/andre\/","url":"http:\/\/www.tophoe.pl\/no\/andre\/","name":"andre og implement holders - Tophoe","isPartOf":{"@id":"https:\/\/www.tophoe.pl\/no\/#website"},"datePublished":"2022-09-07T07:34:31+00:00","dateModified":"2022-09-10T12:35:11+00:00","description":"Adaptere og holdere for \u00e5 feste tilbeh\u00f8r til minigravere og riveroboter. Bestill en dedikert montering for tilbeh\u00f8ret ditt.","breadcrumb":{"@id":"http:\/\/www.tophoe.pl\/no\/andre\/#breadcrumb"},"inLanguage":"nb-NO","potentialAction":[{"@type":"ReadAction","target":["http:\/\/www.tophoe.pl\/no\/andre\/"]}]},{"@type":"BreadcrumbList","@id":"http:\/\/www.tophoe.pl\/no\/andre\/#breadcrumb","itemListElement":[{"@type":"ListItem","position":1,"name":"Strona g\u0142\u00f3wna","item":"https:\/\/www.tophoe.pl\/no\/"},{"@type":"ListItem","position":2,"name":"andre"}]},{"@type":"WebSite","@id":"https:\/\/www.tophoe.pl\/no\/#website","url":"https:\/\/www.tophoe.pl\/no\/","name":"Tophoe","description":"Projektowanie maszyn i osprz\u0119t\u00f3w","publisher":{"@id":"https:\/\/www.tophoe.pl\/no\/#organization"},"potentialAction":[{"@type":"SearchAction","target":{"@type":"EntryPoint","urlTemplate":"https:\/\/www.tophoe.pl\/no\/?s={search_term_string}"},"query-input":{"@type":"PropertyValueSpecification","valueRequired":true,"valueName":"search_term_string"}}],"inLanguage":"nb-NO"},{"@type":"Organization","@id":"https:\/\/www.tophoe.pl\/no\/#organization","name":"Tophoe Polska Sp. z o.o.","url":"https:\/\/www.tophoe.pl\/no\/","logo":{"@type":"ImageObject","inLanguage":"nb-NO","@id":"https:\/\/www.tophoe.pl\/no\/#\/schema\/logo\/image\/","url":"http:\/\/www.tophoe.pl\/wp-content\/uploads\/2022\/05\/TP-170green.png","contentUrl":"http:\/\/www.tophoe.pl\/wp-content\/uploads\/2022\/05\/TP-170green.png","width":783,"height":391,"caption":"Tophoe Polska Sp. z o.o."},"image":{"@id":"https:\/\/www.tophoe.pl\/no\/#\/schema\/logo\/image\/"},"sameAs":["https:\/\/www.linkedin.com\/company\/70511125\/"]}]}},"_links":{"self":[{"href":"http:\/\/www.tophoe.pl\/no\/wp-json\/wp\/v2\/pages\/2320","targetHints":{"allow":["GET"]}}],"collection":[{"href":"http:\/\/www.tophoe.pl\/no\/wp-json\/wp\/v2\/pages"}],"about":[{"href":"http:\/\/www.tophoe.pl\/no\/wp-json\/wp\/v2\/types\/page"}],"author":[{"embeddable":true,"href":"http:\/\/www.tophoe.pl\/no\/wp-json\/wp\/v2\/users\/1"}],"replies":[{"embeddable":true,"href":"http:\/\/www.tophoe.pl\/no\/wp-json\/wp\/v2\/comments?post=2320"}],"version-history":[{"count":1,"href":"http:\/\/www.tophoe.pl\/no\/wp-json\/wp\/v2\/pages\/2320\/revisions"}],"predecessor-version":[{"id":2367,"href":"http:\/\/www.tophoe.pl\/no\/wp-json\/wp\/v2\/pages\/2320\/revisions\/2367"}],"wp:attachment":[{"href":"http:\/\/www.tophoe.pl\/no\/wp-json\/wp\/v2\/media?parent=2320"}],"curies":[{"name":"wp","href":"https:\/\/api.w.org\/{rel}","templated":true}]}}