{"id":2043,"date":"2022-05-11T09:20:12","date_gmt":"2022-05-11T07:20:12","guid":{"rendered":"http:\/\/www.tophoe.pl\/x150\/"},"modified":"2022-07-02T14:40:05","modified_gmt":"2022-07-02T12:40:05","slug":"x150","status":"publish","type":"page","link":"http:\/\/www.tophoe.pl\/es\/x150\/","title":{"rendered":"x150"},"content":{"rendered":"","protected":false},"excerpt":{"rendered":"","protected":false},"author":1,"featured_media":0,"parent":0,"menu_order":0,"comment_status":"closed","ping_status":"closed","template":"","meta":{"footnotes":""},"class_list":["post-2043","page","type-page","status-publish","hentry"],"yoast_head":"<!-- This site is optimized with the Yoast SEO plugin v27.4 - https:\/\/yoast.com\/product\/yoast-seo-wordpress\/ -->\n<title>demolici\u00f3n - Tophoe<\/title>\n<meta name=\"description\" content=\"Cizalla de demolici\u00f3n x150 para miniexcavadoras y robots de demolici\u00f3n. Ligero y fuerte. Funcionan con un caudal de aceite de 20 l\/min.\" \/>\n<meta name=\"robots\" content=\"index, follow, max-snippet:-1, max-image-preview:large, max-video-preview:-1\" \/>\n<link rel=\"canonical\" href=\"http:\/\/www.tophoe.pl\/es\/x150\/\" \/>\n<meta property=\"og:locale\" content=\"es_ES\" \/>\n<meta property=\"og:type\" content=\"article\" \/>\n<meta property=\"og:title\" content=\"demolici\u00f3n - Tophoe\" \/>\n<meta property=\"og:description\" content=\"Cizalla de demolici\u00f3n x150 para miniexcavadoras y robots de demolici\u00f3n. Ligero y fuerte. Funcionan con un caudal de aceite de 20 l\/min.\" \/>\n<meta property=\"og:url\" content=\"http:\/\/www.tophoe.pl\/es\/x150\/\" \/>\n<meta property=\"og:site_name\" content=\"Tophoe\" \/>\n<meta property=\"article:modified_time\" content=\"2022-07-02T12:40:05+00:00\" \/>\n<meta name=\"twitter:card\" content=\"summary_large_image\" \/>\n<script type=\"application\/ld+json\" class=\"yoast-schema-graph\">{\"@context\":\"https:\\\/\\\/schema.org\",\"@graph\":[{\"@type\":\"WebPage\",\"@id\":\"http:\\\/\\\/www.tophoe.pl\\\/es\\\/x150\\\/\",\"url\":\"http:\\\/\\\/www.tophoe.pl\\\/es\\\/x150\\\/\",\"name\":\"demolici\u00f3n - Tophoe\",\"isPartOf\":{\"@id\":\"http:\\\/\\\/www.tophoe.pl\\\/es\\\/#website\"},\"datePublished\":\"2022-05-11T07:20:12+00:00\",\"dateModified\":\"2022-07-02T12:40:05+00:00\",\"description\":\"Cizalla de demolici\u00f3n x150 para miniexcavadoras y robots de demolici\u00f3n. Ligero y fuerte. Funcionan con un caudal de aceite de 20 l\\\/min.\",\"breadcrumb\":{\"@id\":\"http:\\\/\\\/www.tophoe.pl\\\/es\\\/x150\\\/#breadcrumb\"},\"inLanguage\":\"es\",\"potentialAction\":[{\"@type\":\"ReadAction\",\"target\":[\"http:\\\/\\\/www.tophoe.pl\\\/es\\\/x150\\\/\"]}]},{\"@type\":\"BreadcrumbList\",\"@id\":\"http:\\\/\\\/www.tophoe.pl\\\/es\\\/x150\\\/#breadcrumb\",\"itemListElement\":[{\"@type\":\"ListItem\",\"position\":1,\"name\":\"Strona g\u0142\u00f3wna\",\"item\":\"https:\\\/\\\/www.tophoe.pl\\\/es\\\/\"},{\"@type\":\"ListItem\",\"position\":2,\"name\":\"x150\"}]},{\"@type\":\"WebSite\",\"@id\":\"http:\\\/\\\/www.tophoe.pl\\\/es\\\/#website\",\"url\":\"http:\\\/\\\/www.tophoe.pl\\\/es\\\/\",\"name\":\"Tophoe\",\"description\":\"Projektowanie maszyn i osprz\u0119t\u00f3w\",\"publisher\":{\"@id\":\"http:\\\/\\\/www.tophoe.pl\\\/es\\\/#organization\"},\"potentialAction\":[{\"@type\":\"SearchAction\",\"target\":{\"@type\":\"EntryPoint\",\"urlTemplate\":\"http:\\\/\\\/www.tophoe.pl\\\/es\\\/?s={search_term_string}\"},\"query-input\":{\"@type\":\"PropertyValueSpecification\",\"valueRequired\":true,\"valueName\":\"search_term_string\"}}],\"inLanguage\":\"es\"},{\"@type\":\"Organization\",\"@id\":\"http:\\\/\\\/www.tophoe.pl\\\/es\\\/#organization\",\"name\":\"Tophoe Polska Sp. z o.o.\",\"url\":\"http:\\\/\\\/www.tophoe.pl\\\/es\\\/\",\"logo\":{\"@type\":\"ImageObject\",\"inLanguage\":\"es\",\"@id\":\"http:\\\/\\\/www.tophoe.pl\\\/es\\\/#\\\/schema\\\/logo\\\/image\\\/\",\"url\":\"http:\\\/\\\/www.tophoe.pl\\\/wp-content\\\/uploads\\\/2022\\\/05\\\/TP-170green.png\",\"contentUrl\":\"http:\\\/\\\/www.tophoe.pl\\\/wp-content\\\/uploads\\\/2022\\\/05\\\/TP-170green.png\",\"width\":783,\"height\":391,\"caption\":\"Tophoe Polska Sp. z o.o.\"},\"image\":{\"@id\":\"http:\\\/\\\/www.tophoe.pl\\\/es\\\/#\\\/schema\\\/logo\\\/image\\\/\"},\"sameAs\":[\"https:\\\/\\\/www.linkedin.com\\\/company\\\/70511125\\\/\"]}]}<\/script>\n<!-- \/ Yoast SEO plugin. -->","yoast_head_json":{"title":"demolici\u00f3n - Tophoe","description":"Cizalla de demolici\u00f3n x150 para miniexcavadoras y robots de demolici\u00f3n. Ligero y fuerte. Funcionan con un caudal de aceite de 20 l\/min.","robots":{"index":"index","follow":"follow","max-snippet":"max-snippet:-1","max-image-preview":"max-image-preview:large","max-video-preview":"max-video-preview:-1"},"canonical":"http:\/\/www.tophoe.pl\/es\/x150\/","og_locale":"es_ES","og_type":"article","og_title":"demolici\u00f3n - Tophoe","og_description":"Cizalla de demolici\u00f3n x150 para miniexcavadoras y robots de demolici\u00f3n. Ligero y fuerte. Funcionan con un caudal de aceite de 20 l\/min.","og_url":"http:\/\/www.tophoe.pl\/es\/x150\/","og_site_name":"Tophoe","article_modified_time":"2022-07-02T12:40:05+00:00","twitter_card":"summary_large_image","schema":{"@context":"https:\/\/schema.org","@graph":[{"@type":"WebPage","@id":"http:\/\/www.tophoe.pl\/es\/x150\/","url":"http:\/\/www.tophoe.pl\/es\/x150\/","name":"demolici\u00f3n - Tophoe","isPartOf":{"@id":"http:\/\/www.tophoe.pl\/es\/#website"},"datePublished":"2022-05-11T07:20:12+00:00","dateModified":"2022-07-02T12:40:05+00:00","description":"Cizalla de demolici\u00f3n x150 para miniexcavadoras y robots de demolici\u00f3n. Ligero y fuerte. Funcionan con un caudal de aceite de 20 l\/min.","breadcrumb":{"@id":"http:\/\/www.tophoe.pl\/es\/x150\/#breadcrumb"},"inLanguage":"es","potentialAction":[{"@type":"ReadAction","target":["http:\/\/www.tophoe.pl\/es\/x150\/"]}]},{"@type":"BreadcrumbList","@id":"http:\/\/www.tophoe.pl\/es\/x150\/#breadcrumb","itemListElement":[{"@type":"ListItem","position":1,"name":"Strona g\u0142\u00f3wna","item":"https:\/\/www.tophoe.pl\/es\/"},{"@type":"ListItem","position":2,"name":"x150"}]},{"@type":"WebSite","@id":"http:\/\/www.tophoe.pl\/es\/#website","url":"http:\/\/www.tophoe.pl\/es\/","name":"Tophoe","description":"Projektowanie maszyn i osprz\u0119t\u00f3w","publisher":{"@id":"http:\/\/www.tophoe.pl\/es\/#organization"},"potentialAction":[{"@type":"SearchAction","target":{"@type":"EntryPoint","urlTemplate":"http:\/\/www.tophoe.pl\/es\/?s={search_term_string}"},"query-input":{"@type":"PropertyValueSpecification","valueRequired":true,"valueName":"search_term_string"}}],"inLanguage":"es"},{"@type":"Organization","@id":"http:\/\/www.tophoe.pl\/es\/#organization","name":"Tophoe Polska Sp. z o.o.","url":"http:\/\/www.tophoe.pl\/es\/","logo":{"@type":"ImageObject","inLanguage":"es","@id":"http:\/\/www.tophoe.pl\/es\/#\/schema\/logo\/image\/","url":"http:\/\/www.tophoe.pl\/wp-content\/uploads\/2022\/05\/TP-170green.png","contentUrl":"http:\/\/www.tophoe.pl\/wp-content\/uploads\/2022\/05\/TP-170green.png","width":783,"height":391,"caption":"Tophoe Polska Sp. z o.o."},"image":{"@id":"http:\/\/www.tophoe.pl\/es\/#\/schema\/logo\/image\/"},"sameAs":["https:\/\/www.linkedin.com\/company\/70511125\/"]}]}},"_links":{"self":[{"href":"http:\/\/www.tophoe.pl\/es\/wp-json\/wp\/v2\/pages\/2043","targetHints":{"allow":["GET"]}}],"collection":[{"href":"http:\/\/www.tophoe.pl\/es\/wp-json\/wp\/v2\/pages"}],"about":[{"href":"http:\/\/www.tophoe.pl\/es\/wp-json\/wp\/v2\/types\/page"}],"author":[{"embeddable":true,"href":"http:\/\/www.tophoe.pl\/es\/wp-json\/wp\/v2\/users\/1"}],"replies":[{"embeddable":true,"href":"http:\/\/www.tophoe.pl\/es\/wp-json\/wp\/v2\/comments?post=2043"}],"version-history":[{"count":1,"href":"http:\/\/www.tophoe.pl\/es\/wp-json\/wp\/v2\/pages\/2043\/revisions"}],"predecessor-version":[{"id":2046,"href":"http:\/\/www.tophoe.pl\/es\/wp-json\/wp\/v2\/pages\/2043\/revisions\/2046"}],"wp:attachment":[{"href":"http:\/\/www.tophoe.pl\/es\/wp-json\/wp\/v2\/media?parent=2043"}],"curies":[{"name":"wp","href":"https:\/\/api.w.org\/{rel}","templated":true}]}}