{"id":1876,"date":"2022-07-01T14:51:04","date_gmt":"2022-07-01T12:51:04","guid":{"rendered":"http:\/\/www.tophoe.pl\/adaptery\/"},"modified":"2022-07-02T14:38:08","modified_gmt":"2022-07-02T12:38:08","slug":"adaptery","status":"publish","type":"page","link":"http:\/\/www.tophoe.pl\/cs\/adaptery\/","title":{"rendered":"adapt\u00e9ry"},"content":{"rendered":"","protected":false},"excerpt":{"rendered":"","protected":false},"author":1,"featured_media":0,"parent":0,"menu_order":0,"comment_status":"closed","ping_status":"closed","template":"","meta":{"footnotes":""},"class_list":["post-1876","page","type-page","status-publish","hentry"],"yoast_head":"<!-- This site is optimized with the Yoast SEO plugin v27.4 - https:\/\/yoast.com\/product\/yoast-seo-wordpress\/ -->\n<title>adapt\u00e9ry a dr\u017eitel\u00e9 pro p\u0159\u00edslu\u0161enstv\u00ed - Tophoe<\/title>\n<meta name=\"description\" content=\"Adapt\u00e9ry a dr\u017e\u00e1ky pro upevn\u011bn\u00ed p\u0159\u00eddavn\u00fdch za\u0159\u00edzen\u00ed k minirypadl\u016fm a demoli\u010dn\u00edm prac\u00edm. Objednejte si speci\u00e1ln\u00ed dr\u017e\u00e1k pro sv\u00e9 p\u0159\u00edslu\u0161enstv\u00ed.\" \/>\n<meta name=\"robots\" content=\"index, follow, max-snippet:-1, max-image-preview:large, max-video-preview:-1\" \/>\n<link rel=\"canonical\" href=\"http:\/\/www.tophoe.pl\/cs\/adaptery\/\" \/>\n<meta property=\"og:locale\" content=\"cs_CZ\" \/>\n<meta property=\"og:type\" content=\"article\" \/>\n<meta property=\"og:title\" content=\"adapt\u00e9ry a dr\u017eitel\u00e9 pro p\u0159\u00edslu\u0161enstv\u00ed - Tophoe\" \/>\n<meta property=\"og:description\" content=\"Adapt\u00e9ry a dr\u017e\u00e1ky pro upevn\u011bn\u00ed p\u0159\u00eddavn\u00fdch za\u0159\u00edzen\u00ed k minirypadl\u016fm a demoli\u010dn\u00edm prac\u00edm. Objednejte si speci\u00e1ln\u00ed dr\u017e\u00e1k pro sv\u00e9 p\u0159\u00edslu\u0161enstv\u00ed.\" \/>\n<meta property=\"og:url\" content=\"http:\/\/www.tophoe.pl\/cs\/adaptery\/\" \/>\n<meta property=\"og:site_name\" content=\"Tophoe\" \/>\n<meta property=\"article:modified_time\" content=\"2022-07-02T12:38:08+00:00\" \/>\n<meta name=\"twitter:card\" content=\"summary_large_image\" \/>\n<script type=\"application\/ld+json\" class=\"yoast-schema-graph\">{\"@context\":\"https:\\\/\\\/schema.org\",\"@graph\":[{\"@type\":\"WebPage\",\"@id\":\"http:\\\/\\\/www.tophoe.pl\\\/cs\\\/adaptery\\\/\",\"url\":\"http:\\\/\\\/www.tophoe.pl\\\/cs\\\/adaptery\\\/\",\"name\":\"adapt\u00e9ry a dr\u017eitel\u00e9 pro p\u0159\u00edslu\u0161enstv\u00ed - Tophoe\",\"isPartOf\":{\"@id\":\"http:\\\/\\\/www.tophoe.pl\\\/cs\\\/#website\"},\"datePublished\":\"2022-07-01T12:51:04+00:00\",\"dateModified\":\"2022-07-02T12:38:08+00:00\",\"description\":\"Adapt\u00e9ry a dr\u017e\u00e1ky pro upevn\u011bn\u00ed p\u0159\u00eddavn\u00fdch za\u0159\u00edzen\u00ed k minirypadl\u016fm a demoli\u010dn\u00edm prac\u00edm. Objednejte si speci\u00e1ln\u00ed dr\u017e\u00e1k pro sv\u00e9 p\u0159\u00edslu\u0161enstv\u00ed.\",\"breadcrumb\":{\"@id\":\"http:\\\/\\\/www.tophoe.pl\\\/cs\\\/adaptery\\\/#breadcrumb\"},\"inLanguage\":\"cs\",\"potentialAction\":[{\"@type\":\"ReadAction\",\"target\":[\"http:\\\/\\\/www.tophoe.pl\\\/cs\\\/adaptery\\\/\"]}]},{\"@type\":\"BreadcrumbList\",\"@id\":\"http:\\\/\\\/www.tophoe.pl\\\/cs\\\/adaptery\\\/#breadcrumb\",\"itemListElement\":[{\"@type\":\"ListItem\",\"position\":1,\"name\":\"Strona g\u0142\u00f3wna\",\"item\":\"http:\\\/\\\/www.tophoe.pl\\\/cs\\\/\"},{\"@type\":\"ListItem\",\"position\":2,\"name\":\"adapt\u00e9ry\"}]},{\"@type\":\"WebSite\",\"@id\":\"http:\\\/\\\/www.tophoe.pl\\\/cs\\\/#website\",\"url\":\"http:\\\/\\\/www.tophoe.pl\\\/cs\\\/\",\"name\":\"Tophoe\",\"description\":\"Projektowanie maszyn i osprz\u0119t\u00f3w\",\"publisher\":{\"@id\":\"http:\\\/\\\/www.tophoe.pl\\\/cs\\\/#organization\"},\"potentialAction\":[{\"@type\":\"SearchAction\",\"target\":{\"@type\":\"EntryPoint\",\"urlTemplate\":\"http:\\\/\\\/www.tophoe.pl\\\/cs\\\/?s={search_term_string}\"},\"query-input\":{\"@type\":\"PropertyValueSpecification\",\"valueRequired\":true,\"valueName\":\"search_term_string\"}}],\"inLanguage\":\"cs\"},{\"@type\":\"Organization\",\"@id\":\"http:\\\/\\\/www.tophoe.pl\\\/cs\\\/#organization\",\"name\":\"Tophoe Polska Sp. z o.o.\",\"url\":\"http:\\\/\\\/www.tophoe.pl\\\/cs\\\/\",\"logo\":{\"@type\":\"ImageObject\",\"inLanguage\":\"cs\",\"@id\":\"http:\\\/\\\/www.tophoe.pl\\\/cs\\\/#\\\/schema\\\/logo\\\/image\\\/\",\"url\":\"http:\\\/\\\/www.tophoe.pl\\\/wp-content\\\/uploads\\\/2022\\\/05\\\/TP-170green.png\",\"contentUrl\":\"http:\\\/\\\/www.tophoe.pl\\\/wp-content\\\/uploads\\\/2022\\\/05\\\/TP-170green.png\",\"width\":783,\"height\":391,\"caption\":\"Tophoe Polska Sp. z o.o.\"},\"image\":{\"@id\":\"http:\\\/\\\/www.tophoe.pl\\\/cs\\\/#\\\/schema\\\/logo\\\/image\\\/\"},\"sameAs\":[\"https:\\\/\\\/www.linkedin.com\\\/company\\\/70511125\\\/\"]}]}<\/script>\n<!-- \/ Yoast SEO plugin. -->","yoast_head_json":{"title":"adapt\u00e9ry a dr\u017eitel\u00e9 pro p\u0159\u00edslu\u0161enstv\u00ed - Tophoe","description":"Adapt\u00e9ry a dr\u017e\u00e1ky pro upevn\u011bn\u00ed p\u0159\u00eddavn\u00fdch za\u0159\u00edzen\u00ed k minirypadl\u016fm a demoli\u010dn\u00edm prac\u00edm. Objednejte si speci\u00e1ln\u00ed dr\u017e\u00e1k pro sv\u00e9 p\u0159\u00edslu\u0161enstv\u00ed.","robots":{"index":"index","follow":"follow","max-snippet":"max-snippet:-1","max-image-preview":"max-image-preview:large","max-video-preview":"max-video-preview:-1"},"canonical":"http:\/\/www.tophoe.pl\/cs\/adaptery\/","og_locale":"cs_CZ","og_type":"article","og_title":"adapt\u00e9ry a dr\u017eitel\u00e9 pro p\u0159\u00edslu\u0161enstv\u00ed - Tophoe","og_description":"Adapt\u00e9ry a dr\u017e\u00e1ky pro upevn\u011bn\u00ed p\u0159\u00eddavn\u00fdch za\u0159\u00edzen\u00ed k minirypadl\u016fm a demoli\u010dn\u00edm prac\u00edm. Objednejte si speci\u00e1ln\u00ed dr\u017e\u00e1k pro sv\u00e9 p\u0159\u00edslu\u0161enstv\u00ed.","og_url":"http:\/\/www.tophoe.pl\/cs\/adaptery\/","og_site_name":"Tophoe","article_modified_time":"2022-07-02T12:38:08+00:00","twitter_card":"summary_large_image","schema":{"@context":"https:\/\/schema.org","@graph":[{"@type":"WebPage","@id":"http:\/\/www.tophoe.pl\/cs\/adaptery\/","url":"http:\/\/www.tophoe.pl\/cs\/adaptery\/","name":"adapt\u00e9ry a dr\u017eitel\u00e9 pro p\u0159\u00edslu\u0161enstv\u00ed - Tophoe","isPartOf":{"@id":"http:\/\/www.tophoe.pl\/cs\/#website"},"datePublished":"2022-07-01T12:51:04+00:00","dateModified":"2022-07-02T12:38:08+00:00","description":"Adapt\u00e9ry a dr\u017e\u00e1ky pro upevn\u011bn\u00ed p\u0159\u00eddavn\u00fdch za\u0159\u00edzen\u00ed k minirypadl\u016fm a demoli\u010dn\u00edm prac\u00edm. Objednejte si speci\u00e1ln\u00ed dr\u017e\u00e1k pro sv\u00e9 p\u0159\u00edslu\u0161enstv\u00ed.","breadcrumb":{"@id":"http:\/\/www.tophoe.pl\/cs\/adaptery\/#breadcrumb"},"inLanguage":"cs","potentialAction":[{"@type":"ReadAction","target":["http:\/\/www.tophoe.pl\/cs\/adaptery\/"]}]},{"@type":"BreadcrumbList","@id":"http:\/\/www.tophoe.pl\/cs\/adaptery\/#breadcrumb","itemListElement":[{"@type":"ListItem","position":1,"name":"Strona g\u0142\u00f3wna","item":"http:\/\/www.tophoe.pl\/cs\/"},{"@type":"ListItem","position":2,"name":"adapt\u00e9ry"}]},{"@type":"WebSite","@id":"http:\/\/www.tophoe.pl\/cs\/#website","url":"http:\/\/www.tophoe.pl\/cs\/","name":"Tophoe","description":"Projektowanie maszyn i osprz\u0119t\u00f3w","publisher":{"@id":"http:\/\/www.tophoe.pl\/cs\/#organization"},"potentialAction":[{"@type":"SearchAction","target":{"@type":"EntryPoint","urlTemplate":"http:\/\/www.tophoe.pl\/cs\/?s={search_term_string}"},"query-input":{"@type":"PropertyValueSpecification","valueRequired":true,"valueName":"search_term_string"}}],"inLanguage":"cs"},{"@type":"Organization","@id":"http:\/\/www.tophoe.pl\/cs\/#organization","name":"Tophoe Polska Sp. z o.o.","url":"http:\/\/www.tophoe.pl\/cs\/","logo":{"@type":"ImageObject","inLanguage":"cs","@id":"http:\/\/www.tophoe.pl\/cs\/#\/schema\/logo\/image\/","url":"http:\/\/www.tophoe.pl\/wp-content\/uploads\/2022\/05\/TP-170green.png","contentUrl":"http:\/\/www.tophoe.pl\/wp-content\/uploads\/2022\/05\/TP-170green.png","width":783,"height":391,"caption":"Tophoe Polska Sp. z o.o."},"image":{"@id":"http:\/\/www.tophoe.pl\/cs\/#\/schema\/logo\/image\/"},"sameAs":["https:\/\/www.linkedin.com\/company\/70511125\/"]}]}},"_links":{"self":[{"href":"http:\/\/www.tophoe.pl\/cs\/wp-json\/wp\/v2\/pages\/1876","targetHints":{"allow":["GET"]}}],"collection":[{"href":"http:\/\/www.tophoe.pl\/cs\/wp-json\/wp\/v2\/pages"}],"about":[{"href":"http:\/\/www.tophoe.pl\/cs\/wp-json\/wp\/v2\/types\/page"}],"author":[{"embeddable":true,"href":"http:\/\/www.tophoe.pl\/cs\/wp-json\/wp\/v2\/users\/1"}],"replies":[{"embeddable":true,"href":"http:\/\/www.tophoe.pl\/cs\/wp-json\/wp\/v2\/comments?post=1876"}],"version-history":[{"count":1,"href":"http:\/\/www.tophoe.pl\/cs\/wp-json\/wp\/v2\/pages\/1876\/revisions"}],"predecessor-version":[{"id":1877,"href":"http:\/\/www.tophoe.pl\/cs\/wp-json\/wp\/v2\/pages\/1876\/revisions\/1877"}],"wp:attachment":[{"href":"http:\/\/www.tophoe.pl\/cs\/wp-json\/wp\/v2\/media?parent=1876"}],"curies":[{"name":"wp","href":"https:\/\/api.w.org\/{rel}","templated":true}]}}